{"id":15434,"date":"2024-01-19T07:20:11","date_gmt":"2024-01-19T07:20:11","guid":{"rendered":"https:\/\/guzeleser.org\/areas-of-activity\/"},"modified":"2026-04-15T02:28:39","modified_gmt":"2026-04-15T02:28:39","slug":"areas-of-activity","status":"publish","type":"page","link":"https:\/\/guzeleser.org\/en\/areas-of-activity\/","title":{"rendered":"Areas of Activity"},"content":{"rendered":"\t\t<div data-elementor-type=\"wp-page\" data-elementor-id=\"15434\" class=\"elementor elementor-15434 elementor-3035\" data-elementor-post-type=\"page\">\n\t\t\t\t\t\t<section class=\"elementor-section elementor-top-section elementor-element elementor-element-713c739 elementor-section-boxed elementor-section-height-default elementor-section-height-default\" data-id=\"713c739\" data-element_type=\"section\" data-e-type=\"section\">\n\t\t\t\t\t\t<div class=\"elementor-container elementor-column-gap-default\">\n\t\t\t\t\t<div class=\"elementor-column elementor-col-100 elementor-top-column elementor-element elementor-element-adee2c8\" data-id=\"adee2c8\" data-element_type=\"column\" data-e-type=\"column\">\n\t\t\t<div class=\"elementor-widget-wrap elementor-element-populated\">\n\t\t\t\t\t\t<div class=\"elementor-element elementor-element-b1fb9ed elementor-widget elementor-widget-image\" data-id=\"b1fb9ed\" data-element_type=\"widget\" data-e-type=\"widget\" data-widget_type=\"image.default\">\n\t\t\t\t<div class=\"elementor-widget-container\">\n\t\t\t\t\t\t\t\t\t\t\t\t\t\t\t<img fetchpriority=\"high\" decoding=\"async\" width=\"1024\" height=\"236\" src=\"https:\/\/i0.wp.com\/guzeleser.org\/wp-content\/uploads\/2025\/08\/Faaliyet-Alanlari-1.webp?fit=1024%2C236&amp;ssl=1\" class=\"attachment-large size-large wp-image-15209\" alt=\"\" srcset=\"https:\/\/i0.wp.com\/guzeleser.org\/wp-content\/uploads\/2025\/08\/Faaliyet-Alanlari-1.webp?w=1521&amp;ssl=1 1521w, https:\/\/i0.wp.com\/guzeleser.org\/wp-content\/uploads\/2025\/08\/Faaliyet-Alanlari-1.webp?resize=300%2C69&amp;ssl=1 300w, https:\/\/i0.wp.com\/guzeleser.org\/wp-content\/uploads\/2025\/08\/Faaliyet-Alanlari-1.webp?resize=1024%2C236&amp;ssl=1 1024w, https:\/\/i0.wp.com\/guzeleser.org\/wp-content\/uploads\/2025\/08\/Faaliyet-Alanlari-1.webp?resize=768%2C177&amp;ssl=1 768w\" sizes=\"(max-width: 1000px) 100vw, 1000px\" \/>\t\t\t\t\t\t\t\t\t\t\t\t\t\t\t<\/div>\n\t\t\t\t<\/div>\n\t\t\t\t\t<\/div>\n\t\t<\/div>\n\t\t\t\t\t<\/div>\n\t\t<\/section>\n\t\t\t\t<section class=\"elementor-section elementor-top-section elementor-element elementor-element-8092365 elementor-section-boxed elementor-section-height-default elementor-section-height-default\" data-id=\"8092365\" data-element_type=\"section\" data-e-type=\"section\">\n\t\t\t\t\t\t<div class=\"elementor-container elementor-column-gap-default\">\n\t\t\t\t\t<div class=\"elementor-column elementor-col-100 elementor-top-column elementor-element elementor-element-d64b5c9\" data-id=\"d64b5c9\" data-element_type=\"column\" data-e-type=\"column\">\n\t\t\t<div class=\"elementor-widget-wrap elementor-element-populated\">\n\t\t\t\t\t\t<div class=\"elementor-element elementor-element-1f4fec0 elementor-grid-tablet-eael-col-4 elementor-grid-mobile-eael-col-2 elementor-widget__width-initial elementor-grid-eael-col-3 elementor-widget elementor-widget-eael-post-grid\" data-id=\"1f4fec0\" data-element_type=\"widget\" data-e-type=\"widget\" data-settings=\"{&quot;eael_post_grid_columns_tablet&quot;:&quot;eael-col-4&quot;,&quot;eael_post_grid_columns_mobile&quot;:&quot;eael-col-2&quot;,&quot;eael_post_grid_columns&quot;:&quot;eael-col-3&quot;}\" data-widget_type=\"eael-post-grid.default\">\n\t\t\t\t<div class=\"elementor-widget-container\">\n\t\t\t\t\t<div id=\"eael-post-grid-1f4fec0\" class=\"eael-post-grid-container\">\n            <div class=\"eael-post-grid eael-post-appender eael-post-appender-1f4fec0 eael-post-grid-style-one\" data-layout-mode=\"grid\"><article class=\"eael-grid-post  eael-post-grid-column eael-pg-post-15458\" data-id=\"15458\">\n        <div class=\"eael-grid-post-holder\">\n            <div class=\"eael-grid-post-holder-inner\"><div class=\"eael-entry-media\"><div class=\"eael-entry-overlay none\"><i class=\"\" aria-hidden=\"true\"><\/i><a href=\"https:\/\/guzeleser.org\/en\/project\/water-projects\/\"><\/a><\/div><div class=\"eael-entry-thumbnail \">\n                <img data-dominant-color=\"9eaacf\" data-has-transparency=\"false\" decoding=\"async\" width=\"186\" height=\"202\" src=\"https:\/\/guzeleser.org\/wp-content\/uploads\/2023\/12\/Su-projesi1-4.avif\" class=\"attachment-medium size-medium wp-image-17271 not-transparent\" alt=\"\" style=\"--dominant-color: #9eaacf; --dominant-color: #9eaacf\" \/>\n            <\/div>\n        <\/div><div class=\"eael-entry-wrapper\"><header class=\"eael-entry-header\"><h2 class=\"eael-entry-title\"><a class=\"eael-grid-post-link\" href=\"https:\/\/guzeleser.org\/en\/project\/water-projects\/\" title=\"Water\">Water<\/a><\/h2><\/header><\/div><\/div>\n        <\/div>\n    <\/article><article class=\"eael-grid-post  eael-post-grid-column eael-pg-post-15452\" data-id=\"15452\">\n        <div class=\"eael-grid-post-holder\">\n            <div class=\"eael-grid-post-holder-inner\"><div class=\"eael-entry-media\"><div class=\"eael-entry-overlay none\"><i class=\"\" aria-hidden=\"true\"><\/i><a href=\"https:\/\/guzeleser.org\/en\/project\/education-projects\/\"><\/a><\/div><div class=\"eael-entry-thumbnail \">\n                <img data-dominant-color=\"9b8683\" data-has-transparency=\"false\" decoding=\"async\" width=\"186\" height=\"202\" src=\"https:\/\/guzeleser.org\/wp-content\/uploads\/2023\/12\/egitim11-1.avif\" class=\"attachment-medium size-medium wp-image-17263 not-transparent\" alt=\"\" style=\"--dominant-color: #9b8683; --dominant-color: #9b8683\" \/>\n            <\/div>\n        <\/div><div class=\"eael-entry-wrapper\"><header class=\"eael-entry-header\"><h2 class=\"eael-entry-title\"><a class=\"eael-grid-post-link\" href=\"https:\/\/guzeleser.org\/en\/project\/education-projects\/\" title=\"Education\">Education<\/a><\/h2><\/header><\/div><\/div>\n        <\/div>\n    <\/article><article class=\"eael-grid-post  eael-post-grid-column eael-pg-post-15455\" data-id=\"15455\">\n        <div class=\"eael-grid-post-holder\">\n            <div class=\"eael-grid-post-holder-inner\"><div class=\"eael-entry-media\"><div class=\"eael-entry-overlay none\"><i class=\"\" aria-hidden=\"true\"><\/i><a href=\"https:\/\/guzeleser.org\/en\/project\/development-project\/\"><\/a><\/div><div class=\"eael-entry-thumbnail \">\n                <img data-dominant-color=\"7a7778\" data-has-transparency=\"false\" loading=\"lazy\" decoding=\"async\" width=\"186\" height=\"202\" src=\"https:\/\/guzeleser.org\/wp-content\/uploads\/2023\/12\/KALKINMA31-3.avif\" class=\"attachment-medium size-medium wp-image-17267 not-transparent\" alt=\"\" style=\"--dominant-color: #7a7778; --dominant-color: #7a7778\" \/>\n            <\/div>\n        <\/div><div class=\"eael-entry-wrapper\"><header class=\"eael-entry-header\"><h2 class=\"eael-entry-title\"><a class=\"eael-grid-post-link\" href=\"https:\/\/guzeleser.org\/en\/project\/development-project\/\" title=\"Development\">Development<\/a><\/h2><\/header><\/div><\/div>\n        <\/div>\n    <\/article><article class=\"eael-grid-post  eael-post-grid-column eael-pg-post-15454\" data-id=\"15454\">\n        <div class=\"eael-grid-post-holder\">\n            <div class=\"eael-grid-post-holder-inner\"><div class=\"eael-entry-media\"><div class=\"eael-entry-overlay none\"><i class=\"\" aria-hidden=\"true\"><\/i><a href=\"https:\/\/guzeleser.org\/en\/project\/food-aid-project\/\"><\/a><\/div><div class=\"eael-entry-thumbnail \">\n                <img data-dominant-color=\"a59172\" data-has-transparency=\"false\" loading=\"lazy\" decoding=\"async\" width=\"186\" height=\"202\" src=\"https:\/\/guzeleser.org\/wp-content\/uploads\/2023\/12\/Gida1-4.avif\" class=\"attachment-medium size-medium wp-image-17265 not-transparent\" alt=\"\" style=\"--dominant-color: #a59172; --dominant-color: #a59172\" \/>\n            <\/div>\n        <\/div><div class=\"eael-entry-wrapper\"><header class=\"eael-entry-header\"><h2 class=\"eael-entry-title\"><a class=\"eael-grid-post-link\" href=\"https:\/\/guzeleser.org\/en\/project\/food-aid-project\/\" title=\"Food\">Food<\/a><\/h2><\/header><\/div><\/div>\n        <\/div>\n    <\/article><article class=\"eael-grid-post  eael-post-grid-column eael-pg-post-15462\" data-id=\"15462\">\n        <div class=\"eael-grid-post-holder\">\n            <div class=\"eael-grid-post-holder-inner\"><div class=\"eael-entry-media\"><div class=\"eael-entry-overlay none\"><i class=\"\" aria-hidden=\"true\"><\/i><a href=\"https:\/\/guzeleser.org\/en\/project\/orphan-projects\/\"><\/a><\/div><div class=\"eael-entry-thumbnail \">\n                <img data-dominant-color=\"81545c\" data-has-transparency=\"false\" loading=\"lazy\" decoding=\"async\" width=\"186\" height=\"202\" src=\"https:\/\/guzeleser.org\/wp-content\/uploads\/2023\/12\/yetim2-1.avif\" class=\"attachment-medium size-medium wp-image-17273 not-transparent\" alt=\"\" style=\"--dominant-color: #81545c; --dominant-color: #81545c\" \/>\n            <\/div>\n        <\/div><div class=\"eael-entry-wrapper\"><header class=\"eael-entry-header\"><h2 class=\"eael-entry-title\"><a class=\"eael-grid-post-link\" href=\"https:\/\/guzeleser.org\/en\/project\/orphan-projects\/\" title=\"Orphan\">Orphan<\/a><\/h2><\/header><\/div><\/div>\n        <\/div>\n    <\/article><article class=\"eael-grid-post  eael-post-grid-column eael-pg-post-15448\" data-id=\"15448\">\n        <div class=\"eael-grid-post-holder\">\n            <div class=\"eael-grid-post-holder-inner\"><div class=\"eael-entry-media\"><div class=\"eael-entry-overlay none\"><i class=\"\" aria-hidden=\"true\"><\/i><a href=\"https:\/\/guzeleser.org\/en\/project\/emergency-aid\/\"><\/a><\/div><div class=\"eael-entry-thumbnail \">\n                <img data-dominant-color=\"8c7d80\" data-has-transparency=\"false\" loading=\"lazy\" decoding=\"async\" width=\"186\" height=\"202\" src=\"https:\/\/guzeleser.org\/wp-content\/uploads\/2023\/12\/acil-mudahale1-3.avif\" class=\"attachment-medium size-medium wp-image-17259 not-transparent\" alt=\"\" style=\"--dominant-color: #8c7d80; --dominant-color: #8c7d80\" \/>\n            <\/div>\n        <\/div><div class=\"eael-entry-wrapper\"><header class=\"eael-entry-header\"><h2 class=\"eael-entry-title\"><a class=\"eael-grid-post-link\" href=\"https:\/\/guzeleser.org\/en\/project\/emergency-aid\/\" title=\"Emergency Response\">Emergency Response<\/a><\/h2><\/header><\/div><\/div>\n        <\/div>\n    <\/article><article class=\"eael-grid-post  eael-post-grid-column eael-pg-post-15460\" data-id=\"15460\">\n        <div class=\"eael-grid-post-holder\">\n            <div class=\"eael-grid-post-holder-inner\"><div class=\"eael-entry-media\"><div class=\"eael-entry-overlay none\"><i class=\"\" aria-hidden=\"true\"><\/i><a href=\"https:\/\/guzeleser.org\/en\/project\/health-projects\/\"><\/a><\/div><div class=\"eael-entry-thumbnail \">\n                <img data-dominant-color=\"8d9699\" data-has-transparency=\"false\" loading=\"lazy\" decoding=\"async\" width=\"186\" height=\"202\" src=\"https:\/\/guzeleser.org\/wp-content\/uploads\/2023\/12\/Saglik11-3.avif\" class=\"attachment-medium size-medium wp-image-17269 not-transparent\" alt=\"\" style=\"--dominant-color: #8d9699; --dominant-color: #8d9699\" \/>\n            <\/div>\n        <\/div><div class=\"eael-entry-wrapper\"><header class=\"eael-entry-header\"><h2 class=\"eael-entry-title\"><a class=\"eael-grid-post-link\" href=\"https:\/\/guzeleser.org\/en\/project\/health-projects\/\" title=\"Health Projects\">Health Projects<\/a><\/h2><\/header><\/div><\/div>\n        <\/div>\n    <\/article><article class=\"eael-grid-post  eael-post-grid-column eael-pg-post-15450\" data-id=\"15450\">\n        <div class=\"eael-grid-post-holder\">\n            <div class=\"eael-grid-post-holder-inner\"><div class=\"eael-entry-media\"><div class=\"eael-entry-overlay none\"><i class=\"\" aria-hidden=\"true\"><\/i><a href=\"https:\/\/guzeleser.org\/en\/project\/shelter-projects\/\"><\/a><\/div><div class=\"eael-entry-thumbnail \">\n                <img data-dominant-color=\"8a776d\" data-has-transparency=\"false\" loading=\"lazy\" decoding=\"async\" width=\"186\" height=\"202\" src=\"https:\/\/guzeleser.org\/wp-content\/uploads\/2023\/12\/barinma3-3.avif\" class=\"attachment-medium size-medium wp-image-17261 not-transparent\" alt=\"\" style=\"--dominant-color: #8a776d; --dominant-color: #8a776d\" \/>\n            <\/div>\n        <\/div><div class=\"eael-entry-wrapper\"><header class=\"eael-entry-header\"><h2 class=\"eael-entry-title\"><a class=\"eael-grid-post-link\" href=\"https:\/\/guzeleser.org\/en\/project\/shelter-projects\/\" title=\"Shelter\">Shelter<\/a><\/h2><\/header><\/div><\/div>\n        <\/div>\n    <\/article><\/div>\n            <div class=\"clearfix\"><\/div>\n        <\/div>\t\t\t\t<\/div>\n\t\t\t\t<\/div>\n\t\t\t\t\t<\/div>\n\t\t<\/div>\n\t\t\t\t\t<\/div>\n\t\t<\/section>\n\t\t\t\t<\/div>\n\t\t","protected":false},"excerpt":{"rendered":"<p>Su Projeleri E\u011fitim Kalk\u0131nma G\u0131da Yetim Projeleri Acil M\u00fcdahale Sa\u011fl\u0131k Projeleri Bar\u0131nma<\/p>\n","protected":false},"author":1,"featured_media":0,"parent":0,"menu_order":0,"comment_status":"closed","ping_status":"closed","template":"template-fullwidth.php","meta":{"give_campaign_id":0,"footnotes":""},"class_list":["post-15434","page","type-page","status-publish","hentry"],"campaignId":"","_links":{"self":[{"href":"https:\/\/guzeleser.org\/en\/wp-json\/wp\/v2\/pages\/15434","targetHints":{"allow":["GET"]}}],"collection":[{"href":"https:\/\/guzeleser.org\/en\/wp-json\/wp\/v2\/pages"}],"about":[{"href":"https:\/\/guzeleser.org\/en\/wp-json\/wp\/v2\/types\/page"}],"author":[{"embeddable":true,"href":"https:\/\/guzeleser.org\/en\/wp-json\/wp\/v2\/users\/1"}],"replies":[{"embeddable":true,"href":"https:\/\/guzeleser.org\/en\/wp-json\/wp\/v2\/comments?post=15434"}],"version-history":[{"count":19,"href":"https:\/\/guzeleser.org\/en\/wp-json\/wp\/v2\/pages\/15434\/revisions"}],"predecessor-version":[{"id":17810,"href":"https:\/\/guzeleser.org\/en\/wp-json\/wp\/v2\/pages\/15434\/revisions\/17810"}],"wp:attachment":[{"href":"https:\/\/guzeleser.org\/en\/wp-json\/wp\/v2\/media?parent=15434"}],"curies":[{"name":"wp","href":"https:\/\/api.w.org\/{rel}","templated":true}]}}