{"id":15770,"date":"2024-01-19T07:14:18","date_gmt":"2024-01-19T07:14:18","guid":{"rendered":"https:\/\/guzeleser.org\/%d8%a7%d9%84%d8%aa%d9%88%d8%a7%d8%b5%d9%84\/"},"modified":"2025-11-07T12:03:35","modified_gmt":"2025-11-07T12:03:35","slug":"%d8%a7%d9%84%d8%aa%d9%88%d8%a7%d8%b5%d9%84","status":"publish","type":"page","link":"https:\/\/guzeleser.org\/ar\/%d8%a7%d9%84%d8%aa%d9%88%d8%a7%d8%b5%d9%84\/","title":{"rendered":"\u0627\u0644\u062a\u0648\u0627\u0635\u0644"},"content":{"rendered":"\t\t<div data-elementor-type=\"wp-page\" data-elementor-id=\"15770\" class=\"elementor elementor-15770 elementor-2972\" data-elementor-post-type=\"page\">\n\t\t\t\t\t\t<section class=\"elementor-section elementor-top-section elementor-element elementor-element-95f51ca elementor-reverse-tablet elementor-reverse-mobile elementor-hidden-desktop elementor-hidden-tablet elementor-hidden-mobile elementor-section-boxed elementor-section-height-default elementor-section-height-default\" data-id=\"95f51ca\" data-element_type=\"section\" data-e-type=\"section\">\n\t\t\t\t\t\t<div class=\"elementor-container elementor-column-gap-extended\">\n\t\t\t\t\t<div class=\"elementor-column elementor-col-33 elementor-top-column elementor-element elementor-element-7979b60\" data-id=\"7979b60\" data-element_type=\"column\" data-e-type=\"column\">\n\t\t\t<div class=\"elementor-widget-wrap elementor-element-populated\">\n\t\t\t\t\t\t<div class=\"elementor-element elementor-element-7b5d7b9 elementor-widget elementor-widget-risehand-contact-box-v1\" data-id=\"7b5d7b9\" data-element_type=\"widget\" data-e-type=\"widget\" data-widget_type=\"risehand-contact-box-v1.default\">\n\t\t\t\t<div class=\"elementor-widget-container\">\n\t\t\t\t\t <div class=\"contact_style_one trans\"><div class=\"contact_box_inner \"><div class=\"icon_box\"><div class=\"spattern_bg mask_image\" style=\"mask-image: url(https:\/\/guzeleser.org\/wp-content\/plugins\/risehand-addons\/assets\/image\/slider-2\/mask-3.png); -webkit-mask-image: url(https:\/\/guzeleser.org\/wp-content\/plugins\/risehand-addons\/assets\/image\/slider-2\/mask-3.png);\"><\/div><div class=\"icon\"> <img data-recalc-dims=\"1\" decoding=\"async\" src=\"https:\/\/i0.wp.com\/themepanthers.com\/wp\/risehand\/el\/wp-content\/uploads\/2024\/01\/f1-1.png?ssl=1\" class=\"img-fluid svg_image\" alt=\"icon-img\" \/> <\/div> <\/div> <div class=\"contnet\"><div class=\"font_special\"> General Enquires <\/div> <div class=\"address common\"><div class=\"title_no_a_20\">Find Us<\/div><p>575 Main Street, D-block, 2nd floor, South Africa<\/p> <\/div><div class=\"mail common\"><div class=\"title_no_a_20\">Find Us<\/div><p><a href=\"mailto:sendmail@qetus.com\">sendmail@qetus.com<\/a><\/p> <\/div> <div class=\"phone common\"><div class=\"title_no_a_20\">Call Us<\/div><p><a href=\"tel:+98 060 712 34\">+98 060 712 34<\/a><\/p> <\/div>  <\/div><\/div><\/div>\n\t\t\t\t<\/div>\n\t\t\t\t<\/div>\n\t\t\t\t\t<\/div>\n\t\t<\/div>\n\t\t\t\t<div class=\"elementor-column elementor-col-33 elementor-top-column elementor-element elementor-element-0e4e5a4\" data-id=\"0e4e5a4\" data-element_type=\"column\" data-e-type=\"column\">\n\t\t\t<div class=\"elementor-widget-wrap elementor-element-populated\">\n\t\t\t\t\t\t<div class=\"elementor-element elementor-element-21e4219 elementor-widget elementor-widget-risehand-contact-box-v1\" data-id=\"21e4219\" data-element_type=\"widget\" data-e-type=\"widget\" data-widget_type=\"risehand-contact-box-v1.default\">\n\t\t\t\t<div class=\"elementor-widget-container\">\n\t\t\t\t\t <div class=\"contact_style_one trans\"><div class=\"contact_box_inner \"><div class=\"icon_box\"><div class=\"spattern_bg mask_image\" style=\"mask-image: url(https:\/\/guzeleser.org\/wp-content\/plugins\/risehand-addons\/assets\/image\/slider-2\/mask-3.png); -webkit-mask-image: url(https:\/\/guzeleser.org\/wp-content\/plugins\/risehand-addons\/assets\/image\/slider-2\/mask-3.png);\"><\/div><div class=\"icon\"> <img data-recalc-dims=\"1\" decoding=\"async\" src=\"https:\/\/i0.wp.com\/themepanthers.com\/wp\/risehand\/el\/wp-content\/uploads\/2024\/01\/f2-1.png?ssl=1\" class=\"img-fluid svg_image\" alt=\"icon-img\" \/> <\/div> <\/div> <div class=\"contnet\"><div class=\"font_special\"> General Enquires <\/div> <div class=\"address common\"><div class=\"title_no_a_20\">Find Us<\/div><p>575 Main Street, D-block, 2nd floor, South Africa<\/p> <\/div><div class=\"mail common\"><div class=\"title_no_a_20\">Find Us<\/div><p><a href=\"mailto:sendmail@qetus.com\">sendmail@qetus.com<\/a><\/p> <\/div> <div class=\"phone common\"><div class=\"title_no_a_20\">Call Us<\/div><p><a href=\"tel:+98 060 712 34\">+98 060 712 34<\/a><\/p> <\/div>  <\/div><\/div><\/div>\n\t\t\t\t<\/div>\n\t\t\t\t<\/div>\n\t\t\t\t\t<\/div>\n\t\t<\/div>\n\t\t\t\t<div class=\"elementor-column elementor-col-33 elementor-top-column elementor-element elementor-element-88f1428\" data-id=\"88f1428\" data-element_type=\"column\" data-e-type=\"column\">\n\t\t\t<div class=\"elementor-widget-wrap elementor-element-populated\">\n\t\t\t\t\t\t<div class=\"elementor-element elementor-element-5a9b1e5 elementor-widget elementor-widget-risehand-contact-box-v1\" data-id=\"5a9b1e5\" data-element_type=\"widget\" data-e-type=\"widget\" data-widget_type=\"risehand-contact-box-v1.default\">\n\t\t\t\t<div class=\"elementor-widget-container\">\n\t\t\t\t\t <div class=\"contact_style_one trans\"><div class=\"contact_box_inner \"><div class=\"icon_box\"><div class=\"spattern_bg mask_image\" style=\"mask-image: url(https:\/\/guzeleser.org\/wp-content\/plugins\/risehand-addons\/assets\/image\/slider-2\/mask-3.png); -webkit-mask-image: url(https:\/\/guzeleser.org\/wp-content\/plugins\/risehand-addons\/assets\/image\/slider-2\/mask-3.png);\"><\/div><div class=\"icon\"> <img data-recalc-dims=\"1\" decoding=\"async\" src=\"https:\/\/i0.wp.com\/themepanthers.com\/wp\/risehand\/el\/wp-content\/uploads\/2024\/01\/f3-1.png?ssl=1\" class=\"img-fluid svg_image\" alt=\"icon-img\" \/> <\/div> <\/div> <div class=\"contnet\"><div class=\"font_special\"> General Enquires <\/div> <div class=\"address common\"><div class=\"title_no_a_20\">Find Us<\/div><p>575 Main Street, D-block, 2nd floor, South Africa<\/p> <\/div><div class=\"mail common\"><div class=\"title_no_a_20\">Find Us<\/div><p><a href=\"mailto:sendmail@qetus.com\">sendmail@qetus.com<\/a><\/p> <\/div> <div class=\"phone common\"><div class=\"title_no_a_20\">Call Us<\/div><p><a href=\"tel:+98 060 712 34\">+98 060 712 34<\/a><\/p> <\/div>  <\/div><\/div><\/div>\n\t\t\t\t<\/div>\n\t\t\t\t<\/div>\n\t\t\t\t\t<\/div>\n\t\t<\/div>\n\t\t\t\t\t<\/div>\n\t\t<\/section>\n\t\t\t\t<section class=\"elementor-section elementor-top-section elementor-element elementor-element-9124a1a elementor-section-boxed elementor-section-height-default elementor-section-height-default\" data-id=\"9124a1a\" data-element_type=\"section\" data-e-type=\"section\">\n\t\t\t\t\t\t<div class=\"elementor-container elementor-column-gap-default\">\n\t\t\t\t\t<div class=\"elementor-column elementor-col-50 elementor-top-column elementor-element elementor-element-daba66a\" data-id=\"daba66a\" data-element_type=\"column\" data-e-type=\"column\">\n\t\t\t<div class=\"elementor-widget-wrap elementor-element-populated\">\n\t\t\t\t\t\t<div class=\"elementor-element elementor-element-0283a9e elementor-widget elementor-widget-risehand-title-v1\" data-id=\"0283a9e\" data-element_type=\"widget\" data-e-type=\"widget\" data-widget_type=\"risehand-title-v1.default\">\n\t\t\t\t<div class=\"elementor-widget-container\">\n\t\t\t\t\t \r\n<div class=\"title_all_box style_one dark_color\">\r\n                        <div class=\"before_title pb_15 d_flex align-items-center\">\r\n                                    <div class=\"icon_box\">\r\n                                                                            <div class=\"icon\">\r\n                                <span class=\"risehand-002-healthcare\"><\/span>\r\n                            <\/div>\r\n                                                                    <\/div>\r\n                                <div class=\"sub_title font_special\">\r\n                    \u0627\u0644\u062a\u0648\u0627\u0635\u0644                <\/div>\r\n            <\/div>\r\n                            <h2 class=\"title_no_a_46  mb_0 pb_20\">\r\n                \u062a\u0648\u0627\u0635\u0644 \u0645\u0639\u0646\u0627            <\/h2>\r\n                            <p class=\"desc_p\">\r\n                \n            <\/p>\r\n            <\/div>\r\n\r\n\t\t\t\t<\/div>\n\t\t\t\t<\/div>\n\t\t\t\t<div class=\"elementor-element elementor-element-c29590e elementor-widget elementor-widget-risehand-contact-box-v1\" data-id=\"c29590e\" data-element_type=\"widget\" data-e-type=\"widget\" data-widget_type=\"risehand-contact-box-v1.default\">\n\t\t\t\t<div class=\"elementor-widget-container\">\n\t\t\t\t\t<div class=\"contact_style_two trans dark\"><div class=\"contnet\"> <div class=\"address d_flex common\"><i class=\"risehand-map-pin\"><\/i><div class=\"outer\"><div class=\"title_no_a_20\">\u0627\u0644\u0645\u0648\u0642\u0639<\/div><p>\u015eirinevler Mah. Mara\u015fal \u00c7akmak Cad. 2. Sk. No: 1 \/ K: 3 \/ D: 36, 34188 Bah\u00e7elievler-\u0130stanbul<\/p><\/div><\/div><div class=\"mail common d_flex\"><i class=\"risehand-mail\"><\/i><div class=\"outer\"><div class=\"title_no_a_20\">\u0627\u0644\u0627\u064a\u0645\u064a\u0644<\/div><p><a href=\"mailto:info@guzeleser.org\">info@guzeleser.org<\/a><\/p><\/div> <\/div> <div class=\"phone common d_flex\"><i class=\"risehand-phone\"><\/i><div class=\"outer\"><div class=\"title_no_a_20\">\u0627\u062a\u0635\u0644<\/div><p><a href=\"tel:(+90) 2125036371 - (+90) 534 582 2767\">(+90) 2125036371 - (+90) 534 582 2767<\/a><\/p><\/div> <\/div>  <\/div><\/div>\n\t\t\t\t<\/div>\n\t\t\t\t<\/div>\n\t\t\t\t<div class=\"elementor-element elementor-element-ad655e7 elementor-widget elementor-widget-risehand-social-media-v1\" data-id=\"ad655e7\" data-element_type=\"widget\" data-e-type=\"widget\" data-widget_type=\"risehand-social-media-v1.default\">\n\t\t\t\t<div class=\"elementor-widget-container\">\n\t\t\t\t\t  <div class=\"social-icons trans\"> <ul>  <li class=\"trans\">  <small class=\"trans\">Facebook<\/small>  <a href=\"https:\/\/www.facebook.com\/guzeleserorg\" class=\"m_icon\"  target=&quot;_blank&quot;  rel=&quot;nofollow&quot;>   <span class=\"risehand-facebook\"><\/span>   <\/a> <\/li>  <li class=\"trans\">  <small class=\"trans\">Instagram<\/small>  <a href=\"https:\/\/www.instagram.com\/guzeleserorg\/\" class=\"m_icon\"  target=&quot;_blank&quot;  rel=&quot;nofollow&quot;>   <span class=\"risehand-instagram1\"><\/span>   <\/a> <\/li>  <li class=\"trans\">  <small class=\"trans\">X<\/small>  <a href=\"https:\/\/x.com\/guzeleserorg\" class=\"m_icon\"  target=&quot;_blank&quot;  rel=&quot;nofollow&quot;>   <span class=\"risehand-twitter\"><\/span>   <\/a> <\/li>  <li class=\"trans\">  <small class=\"trans\">linkedin<\/small>  <a href=\"https:\/\/www.linkedin.com\/company\/geiyd\/\" class=\"m_icon\"  target=&quot;_blank&quot;  rel=&quot;nofollow&quot;>   <span class=\"risehand-linkedin\"><\/span>   <\/a> <\/li>   <\/ul><\/div>\n    \t\t\t\t<\/div>\n\t\t\t\t<\/div>\n\t\t\t\t\t<\/div>\n\t\t<\/div>\n\t\t\t\t<div class=\"elementor-column elementor-col-50 elementor-top-column elementor-element elementor-element-506c179\" data-id=\"506c179\" data-element_type=\"column\" data-e-type=\"column\" data-settings=\"{&quot;background_background&quot;:&quot;classic&quot;}\">\n\t\t\t<div class=\"elementor-widget-wrap elementor-element-populated\">\n\t\t\t\t\t\t<div class=\"elementor-element elementor-element-2f30472 elementor-widget elementor-widget-risehand-contact-form-v1\" data-id=\"2f30472\" data-element_type=\"widget\" data-e-type=\"widget\" data-widget_type=\"risehand-contact-form-v1.default\">\n\t\t\t\t<div class=\"elementor-widget-container\">\n\t\t\t\t\t<section class=\"contact_form_box_all\"> \n<div class=\"wpcf7 no-js\" id=\"wpcf7-f16005-o1\" lang=\"ar\" dir=\"rtl\" data-wpcf7-id=\"16005\">\n<div class=\"screen-reader-response\"><p role=\"status\" aria-live=\"polite\" aria-atomic=\"true\"><\/p> <ul><\/ul><\/div>\n<form action=\"\/ar\/wp-json\/wp\/v2\/pages\/15770#wpcf7-f16005-o1\" method=\"post\" class=\"wpcf7-form init\" aria-label=\"\u0646\u0645\u0648\u0630\u062c \u0627\u0644\u0627\u062a\u0635\u0627\u0644\" novalidate=\"novalidate\" data-status=\"init\">\n<fieldset class=\"hidden-fields-container\"><input type=\"hidden\" name=\"_wpcf7\" value=\"16005\" \/><input type=\"hidden\" name=\"_wpcf7_version\" value=\"6.1.5\" \/><input type=\"hidden\" name=\"_wpcf7_locale\" value=\"ar\" \/><input type=\"hidden\" name=\"_wpcf7_unit_tag\" value=\"wpcf7-f16005-o1\" \/><input type=\"hidden\" name=\"_wpcf7_container_post\" value=\"0\" \/><input type=\"hidden\" name=\"_wpcf7_posted_data_hash\" value=\"\" \/>\n<\/fieldset>\n<p><label> \u0627\u0644\u0627\u0633\u0645 \u0648\u0627\u0644\u0644\u0642\u0628<br \/>\n<span class=\"wpcf7-form-control-wrap\" data-name=\"your-name\"><input size=\"40\" maxlength=\"400\" class=\"wpcf7-form-control wpcf7-text wpcf7-validates-as-required\" autocomplete=\"name\" aria-required=\"true\" aria-invalid=\"false\" value=\"\" type=\"text\" name=\"your-name\" \/><\/span><br \/>\n<\/label>\n<\/p>\n<p><label> \u0627\u0644\u0627\u064a\u0645\u064a\u0644<br \/>\n<span class=\"wpcf7-form-control-wrap\" data-name=\"your-email\"><input size=\"40\" maxlength=\"400\" class=\"wpcf7-form-control wpcf7-email wpcf7-validates-as-required wpcf7-text wpcf7-validates-as-email\" autocomplete=\"email\" aria-required=\"true\" aria-invalid=\"false\" value=\"\" type=\"email\" name=\"your-email\" \/><\/span><br \/>\n<\/label>\n<\/p>\n<p><label> \u0627\u0644\u0645\u0648\u0636\u0648\u0639<br \/>\n<span class=\"wpcf7-form-control-wrap\" data-name=\"your-subject\"><input size=\"40\" maxlength=\"400\" class=\"wpcf7-form-control wpcf7-text wpcf7-validates-as-required\" aria-required=\"true\" aria-invalid=\"false\" value=\"\" type=\"text\" name=\"your-subject\" \/><\/span><br \/>\n<\/label>\n<\/p>\n<p><label> \u0627\u0644\u0631\u0633\u0627\u0644\u0629<br \/>\n<span class=\"wpcf7-form-control-wrap\" data-name=\"your-message\"><textarea cols=\"40\" rows=\"10\" maxlength=\"2000\" class=\"wpcf7-form-control wpcf7-textarea wpcf7-validates-as-required\" aria-required=\"true\" aria-invalid=\"false\" name=\"your-message\"><\/textarea><\/span><br \/>\n<\/label>\n<\/p>\n<p><input class=\"wpcf7-form-control wpcf7-submit has-spinner\" type=\"submit\" value=\"\u0627\u0631\u0633\u0627\u0644\" \/>\n<\/p><div class=\"wpcf7-response-output\" aria-hidden=\"true\"><\/div>\n<\/form>\n<\/div>\n <\/section>\n\t\t\t\t<\/div>\n\t\t\t\t<\/div>\n\t\t\t\t<div class=\"elementor-element elementor-element-9eb68a5 elementor-absolute elementor-widget elementor-widget-image\" data-id=\"9eb68a5\" data-element_type=\"widget\" data-e-type=\"widget\" data-settings=\"{&quot;_position&quot;:&quot;absolute&quot;}\" data-widget_type=\"image.default\">\n\t\t\t\t<div class=\"elementor-widget-container\">\n\t\t\t\t\t\t\t\t\t\t\t\t\t\t\t<img fetchpriority=\"high\" decoding=\"async\" width=\"801\" height=\"707\" src=\"https:\/\/i0.wp.com\/guzeleser.org\/wp-content\/uploads\/2024\/01\/contact-pat-1-1.png?fit=801%2C707&amp;ssl=1\" class=\"attachment-large size-large wp-image-14010\" alt=\"\" srcset=\"https:\/\/i0.wp.com\/guzeleser.org\/wp-content\/uploads\/2024\/01\/contact-pat-1-1.png?w=801&amp;ssl=1 801w, https:\/\/i0.wp.com\/guzeleser.org\/wp-content\/uploads\/2024\/01\/contact-pat-1-1.png?resize=600%2C530&amp;ssl=1 600w, https:\/\/i0.wp.com\/guzeleser.org\/wp-content\/uploads\/2024\/01\/contact-pat-1-1.png?resize=300%2C265&amp;ssl=1 300w, https:\/\/i0.wp.com\/guzeleser.org\/wp-content\/uploads\/2024\/01\/contact-pat-1-1.png?resize=768%2C678&amp;ssl=1 768w\" sizes=\"(max-width: 801px) 100vw, 801px\" \/>\t\t\t\t\t\t\t\t\t\t\t\t\t\t\t<\/div>\n\t\t\t\t<\/div>\n\t\t\t\t\t<\/div>\n\t\t<\/div>\n\t\t\t\t\t<\/div>\n\t\t<\/section>\n\t\t\t\t<section class=\"elementor-section elementor-top-section elementor-element elementor-element-79156e1 elementor-section-boxed elementor-section-height-default elementor-section-height-default\" data-id=\"79156e1\" data-element_type=\"section\" data-e-type=\"section\">\n\t\t\t\t\t\t<div class=\"elementor-container elementor-column-gap-default\">\n\t\t\t\t\t<div class=\"elementor-column elementor-col-100 elementor-top-column elementor-element elementor-element-464b359\" data-id=\"464b359\" data-element_type=\"column\" data-e-type=\"column\">\n\t\t\t<div class=\"elementor-widget-wrap elementor-element-populated\">\n\t\t\t\t\t\t<div class=\"elementor-element elementor-element-e14ddd6 elementor-widget elementor-widget-google_maps\" data-id=\"e14ddd6\" data-element_type=\"widget\" data-e-type=\"widget\" data-widget_type=\"google_maps.default\">\n\t\t\t\t<div class=\"elementor-widget-container\">\n\t\t\t\t\t\t\t<div class=\"elementor-custom-embed\">\n\t\t\t<iframe loading=\"lazy\"\n\t\t\t\t\tsrc=\"https:\/\/maps.google.com\/maps?q=guzeleser%2C%20%C5%9Eirinevler%20Mahallesi%2C%20Bah%C3%A7elievler%2C%20Istanbul%2C%20Turkey&#038;t=m&#038;z=18&#038;output=embed&#038;iwloc=near\"\n\t\t\t\t\ttitle=\"guzeleser, \u015eirinevler Mahallesi, Bah\u00e7elievler, Istanbul, Turkey\"\n\t\t\t\t\taria-label=\"guzeleser, \u015eirinevler Mahallesi, Bah\u00e7elievler, Istanbul, Turkey\"\n\t\t\t><\/iframe>\n\t\t<\/div>\n\t\t\t\t\t\t<\/div>\n\t\t\t\t<\/div>\n\t\t\t\t\t<\/div>\n\t\t<\/div>\n\t\t\t\t\t<\/div>\n\t\t<\/section>\n\t\t\t\t<\/div>\n\t\t","protected":false},"excerpt":{"rendered":"<p>General Enquires Find Us 575 Main Street, D-block, 2nd floor, South Africa Find Us sendmail@qetus.com Call Us +98 060 712 34 General Enquires Find Us 575 Main Street, D-block, 2nd floor, South Africa Find Us sendmail@qetus.com Call Us +98 060 712 34 General Enquires Find Us 575 Main Street, D-block, 2nd floor, South Africa Find [&hellip;]<\/p>\n","protected":false},"author":1,"featured_media":0,"parent":0,"menu_order":0,"comment_status":"closed","ping_status":"closed","template":"template-fullwidth.php","meta":{"footnotes":""},"class_list":["post-15770","page","type-page","status-publish","hentry"],"_links":{"self":[{"href":"https:\/\/guzeleser.org\/ar\/wp-json\/wp\/v2\/pages\/15770","targetHints":{"allow":["GET"]}}],"collection":[{"href":"https:\/\/guzeleser.org\/ar\/wp-json\/wp\/v2\/pages"}],"about":[{"href":"https:\/\/guzeleser.org\/ar\/wp-json\/wp\/v2\/types\/page"}],"author":[{"embeddable":true,"href":"https:\/\/guzeleser.org\/ar\/wp-json\/wp\/v2\/users\/1"}],"replies":[{"embeddable":true,"href":"https:\/\/guzeleser.org\/ar\/wp-json\/wp\/v2\/comments?post=15770"}],"version-history":[{"count":0,"href":"https:\/\/guzeleser.org\/ar\/wp-json\/wp\/v2\/pages\/15770\/revisions"}],"wp:attachment":[{"href":"https:\/\/guzeleser.org\/ar\/wp-json\/wp\/v2\/media?parent=15770"}],"curies":[{"name":"wp","href":"https:\/\/api.w.org\/{rel}","templated":true}]}}